{"id":214,"date":"2024-09-16T10:18:44","date_gmt":"2024-09-16T08:18:44","guid":{"rendered":"https:\/\/chadwellinternational.com\/?page_id=214"},"modified":"2025-12-11T17:29:09","modified_gmt":"2025-12-11T16:29:09","slug":"corporate-responsability","status":"publish","type":"page","link":"https:\/\/chadwellinternational.com\/fr\/corporate-responsability\/","title":{"rendered":"Corporate Responsability"},"content":{"rendered":"<div data-elementor-type=\"wp-page\" data-elementor-id=\"214\" class=\"elementor elementor-214\" data-elementor-post-type=\"page\">\n\t\t\t\t<div class=\"elementor-element elementor-element-5052fad e-flex e-con-boxed e-con e-parent\" data-id=\"5052fad\" data-element_type=\"container\" data-settings=\"{&quot;background_background&quot;:&quot;classic&quot;}\">\n\t\t\t\t\t<div class=\"e-con-inner\">\n\t\t\t\t<div class=\"elementor-element elementor-element-1a8f0be exad-sticky-section-no exad-glass-effect-no elementor-widget elementor-widget-spacer\" data-id=\"1a8f0be\" data-element_type=\"widget\" data-widget_type=\"spacer.default\">\n\t\t\t\t<div class=\"elementor-widget-container\">\n\t\t\t\t\t\t\t<div class=\"elementor-spacer\">\n\t\t\t<div class=\"elementor-spacer-inner\"><\/div>\n\t\t<\/div>\n\t\t\t\t\t\t<\/div>\n\t\t\t\t<\/div>\n\t\t\t\t<div class=\"elementor-element elementor-element-3d3c1ae elementor-widget__width-inherit exad-sticky-section-no exad-glass-effect-no elementor-widget elementor-widget-heading\" data-id=\"3d3c1ae\" data-element_type=\"widget\" data-widget_type=\"heading.default\">\n\t\t\t\t<div class=\"elementor-widget-container\">\n\t\t\t\t\t<h2 class=\"elementor-heading-title elementor-size-default\">Nos engagements<\/h2>\t\t\t\t<\/div>\n\t\t\t\t<\/div>\n\t\t\t\t\t<\/div>\n\t\t\t\t<\/div>\n\t\t\t\t<section class=\"elementor-section elementor-top-section elementor-element elementor-element-c2847cf elementor-section-full_width elementor-section-height-default elementor-section-height-default exad-glass-effect-no exad-sticky-section-no\" data-id=\"c2847cf\" data-element_type=\"section\">\n\t\t\t\t\t\t<div class=\"elementor-container elementor-column-gap-default\">\n\t\t\t\t\t<div class=\"elementor-column elementor-col-50 elementor-top-column elementor-element elementor-element-47636a8 exad-glass-effect-no exad-sticky-section-no\" data-id=\"47636a8\" data-element_type=\"column\">\n\t\t\t<div class=\"elementor-widget-wrap elementor-element-populated\">\n\t\t\t\t\t\t<div class=\"elementor-element elementor-element-3e08bd7 exad-sticky-section-no exad-glass-effect-no elementor-widget elementor-widget-el-hvrbx\" data-id=\"3e08bd7\" data-element_type=\"widget\" data-widget_type=\"el-hvrbx.default\">\n\t\t\t\t<div class=\"elementor-widget-container\">\n\t\t\t\t\t    <div class=\"wl_hover_box\">\r\n            <div class=\"hover-content background effect- position-middle\">\r\n      <div class=\"hover-box-inner\"><div class=\"text\"><div class=\"test\">\n\n<h3 class=\"underlined-title\">Finances et assurances<\/h3>\n<\/div>\n<hr style=\"width: 90%; height: 5px; background-color: #51C4BC;  margin: 1px auto; border: none;\"><\/div><\/div>\r\n    <\/div>\r\n                <div class=\"hover-content foreground effect-zoom-in position-middle\">\r\n      <div class=\"hover-box-inner\"><div class=\"text\"><h3 class=\"underlined-title\">Finances et assurances<\/h3>\n<hr style=\"width: 100%; height: 5px; background-color: #51C4BC;  margin: 1px auto; border: none;\"><br>\n<p class=\"blurred-paragraph\">\nChadwell ensures financial reliability and robust risk management by partnering with top banks and insurers. Our tailored solutions provide secure transactions, flexible financing, and comprehensive coverage, protecting your interests throughout the trade process.\n<\/p><\/div><\/div>\r\n    <\/div>\r\n        <\/div>\r\n    \t\t\t\t<\/div>\n\t\t\t\t<\/div>\n\t\t\t\t\t<\/div>\n\t\t<\/div>\n\t\t\t\t<div class=\"elementor-column elementor-col-50 elementor-top-column elementor-element elementor-element-6c1d542 exad-glass-effect-no exad-sticky-section-no\" data-id=\"6c1d542\" data-element_type=\"column\">\n\t\t\t<div class=\"elementor-widget-wrap elementor-element-populated\">\n\t\t\t\t\t\t<div class=\"elementor-element elementor-element-ef24ef7 exad-sticky-section-no exad-glass-effect-no elementor-widget elementor-widget-el-hvrbx\" data-id=\"ef24ef7\" data-element_type=\"widget\" data-widget_type=\"el-hvrbx.default\">\n\t\t\t\t<div class=\"elementor-widget-container\">\n\t\t\t\t\t    <div class=\"wl_hover_box\">\r\n            <div class=\"hover-content background effect- position-middle\">\r\n      <div class=\"hover-box-inner\"><div class=\"text\"><div class=\"test\">\n\n<h3 class=\"underlined-titlee\">Innovation<\/h3>\n<\/div>\n<hr style=\"width: 90%; height: 5px; background-color: #51C4BC;  margin: 1px auto; border: none;\">\n<\/div><\/div>\r\n    <\/div>\r\n                <div class=\"hover-content foreground effect-zoom-in position-middle\">\r\n      <div class=\"hover-box-inner\"><div class=\"text\"><h3 class=\"underlined-title\">Innovation<\/h3>\n<hr style=\"width: 100%; height: 5px; background-color: #51C4BC;  margin: 1px auto; border: none;\">\n\n<br>\n<p class=\"blurred-paragraph\">\n L'esprit d'entreprise est ancr\u00e9 dans la culture de Chadwell. Nous innovons en permanence, d\u00e9veloppons des processus d'approvisionnement ing\u00e9nieux et concevons les meilleures pratiques pour r\u00e9pondre \u00e0 un environnement mondial en constante \u00e9volution. Notre syst\u00e8me unique de planification des ressources de l'entreprise (ERP), Chady, illustre notre engagement en faveur de l'innovation. Il permet de r\u00e9aliser des \u00e9conomies substantielles en termes de temps et de co\u00fbts, tout en offrant la flexibilit\u00e9 n\u00e9cessaire pour r\u00e9pondre aux besoins sp\u00e9cifiques de nos clients en termes de compatibilit\u00e9, de transactions financi\u00e8res et de gestion des risques.\n<\/p><\/div><\/div>\r\n    <\/div>\r\n        <\/div>\r\n    \t\t\t\t<\/div>\n\t\t\t\t<\/div>\n\t\t\t\t\t<\/div>\n\t\t<\/div>\n\t\t\t\t\t<\/div>\n\t\t<\/section>\n\t\t\t\t<section class=\"elementor-section elementor-top-section elementor-element elementor-element-4f16bd3 elementor-section-full_width elementor-section-height-default elementor-section-height-default exad-glass-effect-no exad-sticky-section-no\" data-id=\"4f16bd3\" data-element_type=\"section\">\n\t\t\t\t\t\t<div class=\"elementor-container elementor-column-gap-default\">\n\t\t\t\t\t<div class=\"elementor-column elementor-col-50 elementor-top-column elementor-element elementor-element-3a8362f exad-glass-effect-no exad-sticky-section-no\" data-id=\"3a8362f\" data-element_type=\"column\">\n\t\t\t<div class=\"elementor-widget-wrap elementor-element-populated\">\n\t\t\t\t\t\t<div class=\"elementor-element elementor-element-bcec099 exad-sticky-section-no exad-glass-effect-no elementor-widget elementor-widget-el-hvrbx\" data-id=\"bcec099\" data-element_type=\"widget\" data-widget_type=\"el-hvrbx.default\">\n\t\t\t\t<div class=\"elementor-widget-container\">\n\t\t\t\t\t    <div class=\"wl_hover_box\">\r\n            <div class=\"hover-content background effect- position-middle\">\r\n      <div class=\"hover-box-inner\"><div class=\"text\"><div class=\"test\">\n\n<h3 class=\"underlined-title\">Logistique<\/h3>\n<\/div>\n<hr style=\"width: 90%; height: 5px; background-color: #51C4BC;  margin: 1px auto; border: none;\"><\/div><\/div>\r\n    <\/div>\r\n                <div class=\"hover-content foreground effect-zoom-in position-middle\">\r\n      <div class=\"hover-box-inner\"><div class=\"text\"><h3 class=\"underlined-title\">Logistique<\/h3>\n<hr style=\"width: 100%; height: 5px; background-color: #51C4BC;  margin: 1px auto; border: none;\"><br>\n<p class=\"blurred-paragraph\">\nLa qualit\u00e9 de notre cha\u00eene d'approvisionnement est la pierre angulaire de la fiabilit\u00e9 de Chadwell. Notre vaste r\u00e9seau de fournisseurs \u00e0 travers le monde et notre structure d'entreprise polyvalente nous permettent de nous adapter rapidement aux perturbations de la cha\u00eene d'approvisionnement mondiale. Nos experts en logistique savent relever les d\u00e9fis avec r\u00e9silience et inventivit\u00e9, qu'il s'agisse de g\u00e9rer les tensions g\u00e9opolitiques ou de surmonter les contraintes logistiques telles que celles pos\u00e9es par la guerre en Ukraine ou la pand\u00e9mie de COVID-19. Notre force r\u00e9side dans notre capacit\u00e9 \u00e0 innover et \u00e0 nous adapter en permanence, en ouvrant de nouvelles voies d'exp\u00e9dition et en d\u00e9ployant diverses m\u00e9thodes de transport - des conteneurs aux vraquiers, en passant par les chemins de fer et les routes - pour livrer les produits \u00e0 nos clients avec une efficacit\u00e9 exceptionnelle.\n<\/p><\/div><\/div>\r\n    <\/div>\r\n        <\/div>\r\n    \t\t\t\t<\/div>\n\t\t\t\t<\/div>\n\t\t\t\t\t<\/div>\n\t\t<\/div>\n\t\t\t\t<div class=\"elementor-column elementor-col-50 elementor-top-column elementor-element elementor-element-cd97109 exad-glass-effect-no exad-sticky-section-no\" data-id=\"cd97109\" data-element_type=\"column\">\n\t\t\t<div class=\"elementor-widget-wrap elementor-element-populated\">\n\t\t\t\t\t\t<div class=\"elementor-element elementor-element-5023d74 exad-sticky-section-no exad-glass-effect-no elementor-widget elementor-widget-el-hvrbx\" data-id=\"5023d74\" data-element_type=\"widget\" data-widget_type=\"el-hvrbx.default\">\n\t\t\t\t<div class=\"elementor-widget-container\">\n\t\t\t\t\t    <div class=\"wl_hover_box\">\r\n            <div class=\"hover-content background effect- position-middle\">\r\n      <div class=\"hover-box-inner\"><div class=\"text\"><div class=\"test\">\n\n<h3 class=\"underlined-titlee\">Environnement<\/h3>\n<\/div>\n<hr style=\"width: 90%; height: 5px; background-color: #51C4BC;  margin: 1px auto; border: none;\">\n<\/div><\/div>\r\n    <\/div>\r\n                <div class=\"hover-content foreground effect-zoom-in position-middle\">\r\n      <div class=\"hover-box-inner\"><div class=\"text\"><h3 class=\"underlined-title\">Environnement<\/h3>\n<hr style=\"width: 100%; height: 5px; background-color: #51C4BC;  margin: 1px auto; border: none;\">\n\n<br>\n<p class=\"blurred-paragraph\">\n Chez Chadwell, la durabilit\u00e9 n'est pas seulement un concept, c'est une valeur fondamentale qui motive tout ce que nous faisons. Dans le cadre de notre engagement \u00e0 favoriser un avenir plus vert, nous nous lan\u00e7ons dans un voyage transformateur dans le domaine des projets de compensation carbone. En investissant dans nos propres projets de CO2, en les construisant et en les g\u00e9rant, nous contribuons non seulement \u00e0 la r\u00e9duction de l'empreinte carbone mondiale, mais nous sommes \u00e9galement les pionniers de la cr\u00e9ation et de la vente de cr\u00e9dits carbone. Nos efforts visent \u00e0 donner aux entreprises et aux particuliers les moyens de prendre des mesures significatives contre le changement climatique, en accord avec notre vision d'un monde plus durable et plus respectueux de l'environnement.\n<\/p><\/div><\/div>\r\n    <\/div>\r\n        <\/div>\r\n    \t\t\t\t<\/div>\n\t\t\t\t<\/div>\n\t\t\t\t\t<\/div>\n\t\t<\/div>\n\t\t\t\t\t<\/div>\n\t\t<\/section>\n\t\t<div class=\"elementor-element elementor-element-00d72f1 e-flex e-con-boxed e-con e-parent\" data-id=\"00d72f1\" data-element_type=\"container\">\n\t\t\t\t\t<div class=\"e-con-inner\">\n\t\t\t\t<div class=\"elementor-element elementor-element-f438739 exad-sticky-section-no exad-glass-effect-no elementor-widget elementor-widget-spacer\" data-id=\"f438739\" data-element_type=\"widget\" data-widget_type=\"spacer.default\">\n\t\t\t\t<div class=\"elementor-widget-container\">\n\t\t\t\t\t\t\t<div class=\"elementor-spacer\">\n\t\t\t<div class=\"elementor-spacer-inner\"><\/div>\n\t\t<\/div>\n\t\t\t\t\t\t<\/div>\n\t\t\t\t<\/div>\n\t\t\t\t\t<\/div>\n\t\t\t\t<\/div>\n\t\t\t\t<\/div>","protected":false},"excerpt":{"rendered":"<p>Our Commitments Finance and Insurance Finance and Insurance Chadwell ensures financial reliability and robust risk management by partnering with top banks and insurers. Our tailored solutions provide secure transactions, flexible financing, and comprehensive coverage, protecting your interests throughout the trade process. Innovation Innovation The entrepreneurial spirit is ingrained in our culture at Chadwell. We continuously [&hellip;]<\/p>","protected":false},"author":1,"featured_media":0,"parent":0,"menu_order":0,"comment_status":"closed","ping_status":"closed","template":"elementor_header_footer","meta":{"footnotes":""},"class_list":["post-214","page","type-page","status-publish","hentry"],"rttpg_featured_image_url":null,"rttpg_author":{"display_name":"admin3511","author_link":"https:\/\/chadwellinternational.com\/fr\/author\/admin3511\/"},"rttpg_comment":0,"rttpg_category":null,"rttpg_excerpt":"Our Commitments Finance and Insurance Finance and Insurance Chadwell ensures financial reliability and robust risk management by partnering with top banks and insurers. Our tailored solutions provide secure transactions, flexible financing, and comprehensive coverage, protecting your interests throughout the trade process. Innovation Innovation The entrepreneurial spirit is ingrained in our culture at Chadwell. We continuously\u2026","_links":{"self":[{"href":"https:\/\/chadwellinternational.com\/fr\/wp-json\/wp\/v2\/pages\/214","targetHints":{"allow":["GET"]}}],"collection":[{"href":"https:\/\/chadwellinternational.com\/fr\/wp-json\/wp\/v2\/pages"}],"about":[{"href":"https:\/\/chadwellinternational.com\/fr\/wp-json\/wp\/v2\/types\/page"}],"author":[{"embeddable":true,"href":"https:\/\/chadwellinternational.com\/fr\/wp-json\/wp\/v2\/users\/1"}],"replies":[{"embeddable":true,"href":"https:\/\/chadwellinternational.com\/fr\/wp-json\/wp\/v2\/comments?post=214"}],"version-history":[{"count":47,"href":"https:\/\/chadwellinternational.com\/fr\/wp-json\/wp\/v2\/pages\/214\/revisions"}],"predecessor-version":[{"id":2145,"href":"https:\/\/chadwellinternational.com\/fr\/wp-json\/wp\/v2\/pages\/214\/revisions\/2145"}],"wp:attachment":[{"href":"https:\/\/chadwellinternational.com\/fr\/wp-json\/wp\/v2\/media?parent=214"}],"curies":[{"name":"wp","href":"https:\/\/api.w.org\/{rel}","templated":true}]}}